{"id":1270,"date":"2024-04-24T01:11:11","date_gmt":"2024-04-23T23:11:11","guid":{"rendered":"https:\/\/mfc-dachau.de\/wordpress\/?page_id=1270"},"modified":"2024-08-12T12:04:18","modified_gmt":"2024-08-12T10:04:18","slug":"jugend","status":"publish","type":"page","link":"https:\/\/mfc-dachau.de\/?page_id=1270","title":{"rendered":"Jugend"},"content":{"rendered":"\n<p>Mit die l\u00e4ngste Tradition im Verein hat die Jugendarbeit, denn schon 1972 wurde den Jugendlichen mit einem Bastelraum in Niederroth ein Treffpunkt zum Werken und Gedankenaustausch geboten.<\/p>\n\n\n\n<p>Seit vielen Jahren bietet der MFC-Dachau auch im Rahmen des Ferienprogramms der Stadt Dachau ein Jugendfliegen an.<\/p>\n\n\n\n<p><a href=\"https:\/\/www.unser-ferienprogramm.de\/dachau\/index.php\" data-type=\"link\" data-id=\"https:\/\/www.unser-ferienprogramm.de\/dachau\/index.php\">https:\/\/www.unser-ferienprogramm.de\/dachau\/index.php<\/a> <\/p>\n\n\n\n<p>Wer Interesse am erlernen des Modellfliegens hat, ist bei uns herzlich willkommen.<\/p>\n\n\n\n<p>Setzt euch am besten mit unserem Jundenwart Leon Kunkel in Verbindung ( <a href=\"https:\/\/mfc-dachau.de\/?page_id=1331\" data-type=\"page\" data-id=\"1331\">Jugendwart<\/a> ). Leon betreibt eine, f\u00fcr Interessenten offene, WhatsApp-Gruppe in der sich Lehrer und (Flug-)Sch\u00fcler zum gemeinsamen fliegen auf unserem Modellflugplatz verabreden k\u00f6nnen. <\/p>\n\n\n\n<figure class=\"wp-block-image size-full\"><img loading=\"lazy\" decoding=\"async\" width=\"750\" height=\"500\" src=\"https:\/\/mfc-dachau.de\/wordpress\/wp-content\/uploads\/2024\/04\/grafik-2.png\" alt=\"\" class=\"wp-image-1273\" srcset=\"https:\/\/mfc-dachau.de\/wp-content\/uploads\/2024\/04\/grafik-2.png 750w, https:\/\/mfc-dachau.de\/wp-content\/uploads\/2024\/04\/grafik-2-300x200.png 300w\" sizes=\"auto, (max-width: 750px) 100vw, 750px\" \/><\/figure>\n\n\n\n<p>Jugendfliegen im Rahmen des Ferienprogramms der Stadt Dachau<\/p>\n\n\n\n<p>Zum Einstieg ist es gar nicht so schlecht, am PC mit einem Modellflug-Simulator zu \u00fcben. Mit <a href=\"https:\/\/modelsimulator.com\/\" target=\"_blank\" rel=\"noreferrer noopener\">FMS<\/a> oder <a href=\"https:\/\/www.heli-x.net\/\" target=\"_blank\" rel=\"noreferrer noopener\">Heli-X<\/a> geht das \u00dcben wirklich einfach und macht Spa\u00df. Diese Programme k\u00f6nnen kostenlos aus dem Internet herunter geladen werden. Als Eingabeger\u00e4t kann entweder eine Fernsteuerung mit Sch\u00fclerbuchse oder ein Gamepad verwendet werden. Das passende Interface f\u00fcr eine Fernsteuerung kann bei Ebay f\u00fcr rund 15\u20ac erworben werden. Und was am meisten Spass macht: man kann neue Modelle und Landschaften dazuladen und sogar, mit ein bisschen T\u00fcftelei, das Verhalten der Modelle selbst programmieren.<\/p>\n","protected":false},"excerpt":{"rendered":"<p>Mit die l\u00e4ngste Tradition im Verein hat die Jugendarbeit, denn schon 1972 wurde den Jugendlichen mit einem Bastelraum in Niederroth ein Treffpunkt zum Werken und Gedankenaustausch geboten. Seit vielen Jahren bietet der MFC-Dachau auch im Rahmen des Ferienprogramms der Stadt&hellip; <\/p>\n","protected":false},"author":4,"featured_media":0,"parent":0,"menu_order":0,"comment_status":"closed","ping_status":"closed","template":"","meta":{"footnotes":""},"class_list":["post-1270","page","type-page","status-publish","hentry"],"_links":{"self":[{"href":"https:\/\/mfc-dachau.de\/index.php?rest_route=\/wp\/v2\/pages\/1270","targetHints":{"allow":["GET"]}}],"collection":[{"href":"https:\/\/mfc-dachau.de\/index.php?rest_route=\/wp\/v2\/pages"}],"about":[{"href":"https:\/\/mfc-dachau.de\/index.php?rest_route=\/wp\/v2\/types\/page"}],"author":[{"embeddable":true,"href":"https:\/\/mfc-dachau.de\/index.php?rest_route=\/wp\/v2\/users\/4"}],"replies":[{"embeddable":true,"href":"https:\/\/mfc-dachau.de\/index.php?rest_route=%2Fwp%2Fv2%2Fcomments&post=1270"}],"version-history":[{"count":13,"href":"https:\/\/mfc-dachau.de\/index.php?rest_route=\/wp\/v2\/pages\/1270\/revisions"}],"predecessor-version":[{"id":1613,"href":"https:\/\/mfc-dachau.de\/index.php?rest_route=\/wp\/v2\/pages\/1270\/revisions\/1613"}],"wp:attachment":[{"href":"https:\/\/mfc-dachau.de\/index.php?rest_route=%2Fwp%2Fv2%2Fmedia&parent=1270"}],"curies":[{"name":"wp","href":"https:\/\/api.w.org\/{rel}","templated":true}]}}