{"id":1275,"date":"2024-04-24T01:12:40","date_gmt":"2024-04-23T23:12:40","guid":{"rendered":"https:\/\/mfc-dachau.de\/wordpress\/?page_id=1275"},"modified":"2024-04-24T01:15:10","modified_gmt":"2024-04-23T23:15:10","slug":"einstieg","status":"publish","type":"page","link":"https:\/\/mfc-dachau.de\/?page_id=1275","title":{"rendered":"Einstieg"},"content":{"rendered":"\n<h3 class=\"wp-block-heading\">oder: Wie werde ich Modellflieger?<\/h3>\n\n\n\n<p>Diese Frage stellt sich jeder Interessierte, der (oder die) &#8222;es&#8220; einmal probieren m\u00f6chte. Bei ernsthaftem Interesse sollte zun\u00e4chst Kontakt mit dem \u00f6rtlichen Modellbauverein aufgenommen werden. Auch die Beratung durch ein Modellbaufachgesch\u00e4ft kann von Nutzen sein, f\u00fchrt aber meistens nicht alleine zu dem gew\u00fcnschten Erfolgserlebnis. Das &#8222;gekaufte&#8220; Fachwissen aus Modellbaukatalogen und anderer Literatur l\u00e4sst Autodidakten zwar gl\u00e4nzen, die Mehrzahl der Anf\u00e4nger lernt aber sehr schnell die Bedeutung des Fliegergru\u00dfes &#8222;Holm- und Rippenbruch&#8220; kennen.<\/p>\n\n\n\n<h4 class=\"wp-block-heading\">Argumente f\u00fcr die Mitgliedschaft in einem Modellflug-Verein:<\/h4>\n\n\n\n<ul class=\"wp-block-list\">\n<li>Als Mitglied ist man normalerweise gut versichert.<\/li>\n\n\n\n<li>Eine Begutachtung des neuen Modells, eine Art T\u00dcV, erfolgt gerne durch mehrere neugierige Vereinskameraden mit langer Erfahrung.<\/li>\n\n\n\n<li>Das gute St\u00fcck kann im Verein von einem erfahrenen Piloten eingeflogen werden.<\/li>\n\n\n\n<li>Man hat Zugang zum Flugplatz des Vereins, auf dem man auch Verbrennermodelle fliegen lassen darf.<\/li>\n<\/ul>\n\n\n\n<h4 class=\"wp-block-heading\">Die Ausr\u00fcstung f\u00fcr den Einstieg:<\/h4>\n\n\n\n<p>Ein vern\u00fcnftiger Einstieg kostet um die 250\u20ac. Daf\u00fcr bekommt man ein ARF-Modell aus Styropor (mit Zubeh\u00f6r ca. 75\u20ac), eine Fernsteuerung mit Sender, Empf\u00e4nger, Schalter, 2 Rudermaschinen (Servos) und zugeh\u00f6rige Akkus (um die 175\u20ac) sowie ein Ladeger\u00e4t.<\/p>\n\n\n\n<p>Oft findet man komplette gebrauchte Einsteigerausr\u00fcstungen in Anzeigen oder Internetauktionen. Oder man erkundigt sich im Verein, ob jemand vielleicht schon weiter ist und sein Einstiegsmodell verkaufen m\u00f6chte. F\u00fcr solche F\u00e4lle bieten wir unsere&nbsp;Flohmarktseite an.<\/p>\n\n\n\n<h4 class=\"wp-block-heading\">Die Ausbildung:<\/h4>\n\n\n\n<p>Der MFC Dachau f\u00fchrt Modellbaukurse mit individueller Betreuung durch und bietet, falls notwendig, auch den Einstieg ins Fliegen im Lehrer-Sch\u00fcler-Betrieb. Bei dieser Art des Fliegenlernens wird der Lehrersender mit dem Sch\u00fclersender \u00fcber ein Kabel verbunden, so dass der Fluglehrer jederzeit eingreifen kann und das Modell vor kritischen Situationen bewahrt wird. Auf diese Weise kann der Flugsch\u00fcler zun\u00e4chst in respektvollem Abstand vom Boden lernen, wie sein Modell auf die Steuerbefehle reagiert. Nach und nach kann der Sch\u00fcler immer schwierigere Situationen selbst steuern bis zum ersten vollst\u00e4ndigen Alleinflug.<\/p>\n","protected":false},"excerpt":{"rendered":"<p>oder: Wie werde ich Modellflieger? Diese Frage stellt sich jeder Interessierte, der (oder die) &#8222;es&#8220; einmal probieren m\u00f6chte. Bei ernsthaftem Interesse sollte zun\u00e4chst Kontakt mit dem \u00f6rtlichen Modellbauverein aufgenommen werden. Auch die Beratung durch ein Modellbaufachgesch\u00e4ft kann von Nutzen sein,&hellip; <\/p>\n","protected":false},"author":4,"featured_media":0,"parent":0,"menu_order":0,"comment_status":"closed","ping_status":"closed","template":"","meta":{"footnotes":""},"class_list":["post-1275","page","type-page","status-publish","hentry"],"_links":{"self":[{"href":"https:\/\/mfc-dachau.de\/index.php?rest_route=\/wp\/v2\/pages\/1275","targetHints":{"allow":["GET"]}}],"collection":[{"href":"https:\/\/mfc-dachau.de\/index.php?rest_route=\/wp\/v2\/pages"}],"about":[{"href":"https:\/\/mfc-dachau.de\/index.php?rest_route=\/wp\/v2\/types\/page"}],"author":[{"embeddable":true,"href":"https:\/\/mfc-dachau.de\/index.php?rest_route=\/wp\/v2\/users\/4"}],"replies":[{"embeddable":true,"href":"https:\/\/mfc-dachau.de\/index.php?rest_route=%2Fwp%2Fv2%2Fcomments&post=1275"}],"version-history":[{"count":1,"href":"https:\/\/mfc-dachau.de\/index.php?rest_route=\/wp\/v2\/pages\/1275\/revisions"}],"predecessor-version":[{"id":1276,"href":"https:\/\/mfc-dachau.de\/index.php?rest_route=\/wp\/v2\/pages\/1275\/revisions\/1276"}],"wp:attachment":[{"href":"https:\/\/mfc-dachau.de\/index.php?rest_route=%2Fwp%2Fv2%2Fmedia&parent=1275"}],"curies":[{"name":"wp","href":"https:\/\/api.w.org\/{rel}","templated":true}]}}