{"id":944,"date":"2024-04-19T19:27:21","date_gmt":"2024-04-19T17:27:21","guid":{"rendered":"https:\/\/mfc-dachau.de\/wordpress\/?page_id=944"},"modified":"2026-03-09T18:25:39","modified_gmt":"2026-03-09T17:25:39","slug":"aufnahmeantrag","status":"publish","type":"page","link":"https:\/\/mfc-dachau.de\/?page_id=944","title":{"rendered":"Aufnahmeantrag"},"content":{"rendered":"\n<p>Der Aufnahmeantrag ist f\u00fcr Personen, die Mitglied in unserem Verein werden wollen.<\/p>\n\n\n\n<p>Preise f\u00fcr den Vereinsbeitritt und die Mitgliedschaft finden Sie ebenfalls im Aufnahmeantrag.<\/p>\n\n\n\n<p>Der Aufnahmeantrag ist auszuf\u00fcllen und per Post an den 1.Vorstand zu senden. (unterschrieben ist wichtig)<\/p>\n\n\n\n<p><a href=\"https:\/\/mfc-dachau.de\/wp-content\/uploads\/2026\/03\/MFC-Dachau-Aufnahmeantrag-2026.pdf\" target=\"_blank\" rel=\"noreferrer noopener\">Download<\/a><\/p>\n","protected":false},"excerpt":{"rendered":"<p>Der Aufnahmeantrag ist f\u00fcr Personen, die Mitglied in unserem Verein werden wollen. Preise f\u00fcr den Vereinsbeitritt und die Mitgliedschaft finden Sie ebenfalls im Aufnahmeantrag. Der Aufnahmeantrag ist auszuf\u00fcllen und per Post an den 1.Vorstand zu senden. (unterschrieben ist wichtig) Download<\/p>\n","protected":false},"author":4,"featured_media":0,"parent":0,"menu_order":0,"comment_status":"closed","ping_status":"closed","template":"","meta":{"footnotes":""},"class_list":["post-944","page","type-page","status-publish","hentry"],"_links":{"self":[{"href":"https:\/\/mfc-dachau.de\/index.php?rest_route=\/wp\/v2\/pages\/944","targetHints":{"allow":["GET"]}}],"collection":[{"href":"https:\/\/mfc-dachau.de\/index.php?rest_route=\/wp\/v2\/pages"}],"about":[{"href":"https:\/\/mfc-dachau.de\/index.php?rest_route=\/wp\/v2\/types\/page"}],"author":[{"embeddable":true,"href":"https:\/\/mfc-dachau.de\/index.php?rest_route=\/wp\/v2\/users\/4"}],"replies":[{"embeddable":true,"href":"https:\/\/mfc-dachau.de\/index.php?rest_route=%2Fwp%2Fv2%2Fcomments&post=944"}],"version-history":[{"count":9,"href":"https:\/\/mfc-dachau.de\/index.php?rest_route=\/wp\/v2\/pages\/944\/revisions"}],"predecessor-version":[{"id":2253,"href":"https:\/\/mfc-dachau.de\/index.php?rest_route=\/wp\/v2\/pages\/944\/revisions\/2253"}],"wp:attachment":[{"href":"https:\/\/mfc-dachau.de\/index.php?rest_route=%2Fwp%2Fv2%2Fmedia&parent=944"}],"curies":[{"name":"wp","href":"https:\/\/api.w.org\/{rel}","templated":true}]}}